{"id":19432,"date":"2025-08-19T18:30:16","date_gmt":"2025-08-19T18:30:16","guid":{"rendered":"https:\/\/transportescarson.com\/?page_id=19432"},"modified":"2025-08-19T18:30:46","modified_gmt":"2025-08-19T18:30:46","slug":"aviso-de-privacidad","status":"publish","type":"page","link":"https:\/\/transportescarson.com\/aviso-de-privacidad\/","title":{"rendered":"Aviso de privacidad"},"content":{"rendered":"\n<h3 class=\"wp-block-heading\"><strong>AVISO DE PRIVACIDAD<\/strong><\/h3>\n\n\n\n<p><strong>\u00daltima actualizaci\u00f3n:<\/strong>\u00a0[10 de agosto de 2025]<\/p>\n\n\n\n<p><strong>TRANSPORTES CARSON S.A. de C.V.<\/strong>&nbsp;(en adelante referido como \u201c<strong>Transportes Carson<\/strong>\u201d), con domicilio en San Luis Potos\u00ed, S.L.P., M\u00e9xico, es responsable del tratamiento de sus datos personales. El presente Aviso de Privacidad se pone a su disposici\u00f3n en cumplimiento de lo dispuesto por la&nbsp;<strong>Ley Federal de Protecci\u00f3n de Datos Personales en Posesi\u00f3n de los Particulares<\/strong>.<\/p>\n\n\n\n<p><strong>1. DATOS PERSONALES QUE RECABAMOS Y FINALIDADES DEL TRATAMIENTO<\/strong><\/p>\n\n\n\n<p>Recabamos sus datos personales de forma directa, cuando usted nos los proporciona voluntariamente a trav\u00e9s de nuestro sitio web&nbsp;<code>transportescarson.com<\/code>, por tel\u00e9fono, correo electr\u00f3nico o en nuestras instalaciones.<\/p>\n\n\n\n<p><strong>A) Datos recabados y finalidades primarias o necesarias:<\/strong><br>Estos datos son indispensables para poder prestarle los servicios que nos solicita.<\/p>\n\n\n\n<ul class=\"wp-block-list\">\n<li><strong>Para contactarlo y dar seguimiento a su solicitud:<\/strong>\u00a0Nombre completo, tel\u00e9fono (444 390 2381), correo electr\u00f3nico, empresa para la que labora.<\/li>\n\n\n\n<li><strong>Para cotizar y prestar servicios de transporte y log\u00edstica:<\/strong>\u00a0Informaci\u00f3n de contacto, informaci\u00f3n fiscal (RFC, direcci\u00f3n fiscal), detalles de la mercanc\u00eda a transportar (origen, destino, tipo, peso, dimensiones), informaci\u00f3n para la facturaci\u00f3n electr\u00f3nica.<\/li>\n\n\n\n<li><strong>Para facturar nuestros servicios:<\/strong>\u00a0Raz\u00f3n social, domicilio fiscal, RFC, r\u00e9gimen fiscal, correo electr\u00f3nico para env\u00edo de CFDI.<\/li>\n<\/ul>\n\n\n\n<p><strong>B) Datos recabados y finalidades secundarias o no necesarias:<\/strong><br>Estos datos nos ayudan a mejorar nuestros servicios y su experiencia, pero&nbsp;<strong>no son indispensables<\/strong>&nbsp;para la relaci\u00f3n comercial. Usted puede negarse a proporcionarlos.<\/p>\n\n\n\n<ul class=\"wp-block-list\">\n<li><strong>Para marketing y prospecci\u00f3n comercial:<\/strong>\u00a0Env\u00edo de boletines, promociones, nuevos servicios y material publicitario relacionado con nuestros servicios de transporte.<\/li>\n\n\n\n<li><strong>Para estudios de mercado y evaluaci\u00f3n de calidad:<\/strong>\u00a0Encuestas de satisfacci\u00f3n sobre el servicio recibido.<\/li>\n<\/ul>\n\n\n\n<p><strong>2. TRANSFERENCIA DE DATOS<\/strong><\/p>\n\n\n\n<p>Sus datos personales podr\u00e1n ser compartidos dentro del pa\u00eds con las siguientes personas f\u00edsicas o morales y para las siguientes finalidades:<\/p>\n\n\n\n<ul class=\"wp-block-list\">\n<li><strong>Autoridades gubernamentales y judiciales:<\/strong>\u00a0Cuando sea requerido por ley, mandato judicial o para procesos legales.<\/li>\n\n\n\n<li><strong>Instituciones bancarias:<\/strong>\u00a0Exclusivamente para procesar pagos y cobranzas derivados de la relaci\u00f3n contractual.<\/li>\n\n\n\n<li><strong>Terceros prestadores de servicios:<\/strong>\u00a0Colaboradores log\u00edsticos, agentes aduanales o partners operativos que sean necesarios para la correcta ejecuci\u00f3n del servicio contratado (ejemplo: para el trasbordo de mercanc\u00eda). Estos terceros est\u00e1n obligados contractualmente a mantener la confidencialidad de sus datos y a tratarlos solo para los fines que nosotros les indicamos.<\/li>\n<\/ul>\n\n\n\n<p><strong>No realizamos transferencias internacionales de sus datos personales<\/strong>&nbsp;sin su consentimiento expreso.<\/p>\n\n\n\n<p><strong>3. MEDIDAS DE SEGURIDAD<\/strong><\/p>\n\n\n\n<p>Implementamos medidas administrativas, t\u00e9cnicas y f\u00edsicas para proteger sus datos personales contra da\u00f1o, p\u00e9rdida, alteraci\u00f3n, destrucci\u00f3n o el uso, acceso o tratamiento no autorizado, de acuerdo con la legislaci\u00f3n vigente.<\/p>\n\n\n\n<p><strong>4. DERECHOS ARCO (Acceso, Rectificaci\u00f3n, Cancelaci\u00f3n y Oposici\u00f3n)<\/strong><\/p>\n\n\n\n<p>Usted tiene derecho a:<\/p>\n\n\n\n<ul class=\"wp-block-list\">\n<li><strong>Acceder<\/strong>\u00a0a sus datos personales que poseemos.<\/li>\n\n\n\n<li><strong>Rectificarlos<\/strong>\u00a0si son inexactos o incompletos.<\/li>\n\n\n\n<li><strong>Cancelarlos<\/strong>\u00a0cuando considere que no se requieren para alguna de las finalidades se\u00f1aladas en este aviso, est\u00e9n siendo utilizados para fines no consentidos o haya finalizado la relaci\u00f3n contractual o de servicio.<\/li>\n\n\n\n<li><strong>Oponerse<\/strong>\u00a0al tratamiento de sus datos para fines espec\u00edficos (ejemplo: marketing).<\/li>\n<\/ul>\n\n\n\n<p>Para ejercer cualquiera de estos derechos&nbsp;<strong>ARCO<\/strong>, deber\u00e1 presentar su solicitud a trav\u00e9s de nuestro&nbsp;<strong>Departamento de Datos Personales<\/strong>, v\u00eda correo electr\u00f3nico a:&nbsp;<strong><a href=\"https:\/\/mailto:ventas@transportescarson.com\/\" target=\"_blank\" rel=\"noreferrer noopener\">ventas@transportescarson.com<\/a><\/strong>&nbsp;o al tel\u00e9fono&nbsp;<strong>444 390 2381<\/strong>.<\/p>\n\n\n\n<p>Su solicitud debe contener:<\/p>\n\n\n\n<ul class=\"wp-block-list\">\n<li>Su nombre completo y datos de contacto.<\/li>\n\n\n\n<li>Una descripci\u00f3n clara de los datos respecto de los cuales busca ejercer alguno de los derechos.<\/li>\n\n\n\n<li>Cualquier elemento o documento que facilite la localizaci\u00f3n de sus datos.<\/li>\n\n\n\n<li>En caso de rectificaci\u00f3n, deber\u00e1 indicar las modificaciones a realizarse y aportar la documentaci\u00f3n que lo sustente.<\/li>\n<\/ul>\n\n\n\n<p>Recibir\u00e1 respuesta en un plazo m\u00e1ximo de&nbsp;<strong>20 (veinte) d\u00edas h\u00e1biles<\/strong>&nbsp;a partir de que recibimos su solicitud completa.<\/p>\n\n\n\n<p><strong>5. REVOCACI\u00d3N DEL CONSENTIMIENTO<\/strong><\/p>\n\n\n\n<p>Usted puede revocar el consentimiento que nos ha otorgado para el tratamiento de sus datos personales. Sin embargo, es importante considerar que no en todos los casos podremos atender su solicitud o concluir el uso de forma inmediata, por estar obligados a conservar sus datos para cumplir con obligaciones legales o procesos legales. El procedimiento para revocar su consentimiento es el mismo que para ejercer los derechos ARCO.<\/p>\n\n\n\n<p><strong>6. CAMBIOS AL AVISO DE PRIVACIDAD<\/strong><\/p>\n\n\n\n<p>Nos reservamos el derecho de efectuar en cualquier momento modificaciones o actualizaciones al presente aviso de privacidad, para atender novedades legislativas, pol\u00edticas internas o nuevos requerimientos para la prestaci\u00f3n de nuestros servicios. Le notificaremos sobre cualquier cambio mediante:<\/p>\n\n\n\n<ul class=\"wp-block-list\">\n<li>Un anuncio visible en nuestro sitio web\u00a0<code>transportescarson.com<\/code>.<\/li>\n\n\n\n<li>Un mensaje enviado al correo electr\u00f3nico que nos haya proporcionado.<\/li>\n<\/ul>\n\n\n\n<p><strong>7. CONTACTO<\/strong><\/p>\n\n\n\n<p>Si tiene alguna duda, queja o comentario respecto a este aviso de privacidad o sobre el tratamiento de sus datos, puede contactar a nuestro&nbsp;<strong>Departamento de Datos Personales<\/strong>&nbsp;en:<\/p>\n\n\n\n<ul class=\"wp-block-list\">\n<li><strong>Correo electr\u00f3nico:<\/strong>\u00a0<a href=\"https:\/\/mailto:ventas@transportescarson.com\/\" target=\"_blank\" rel=\"noreferrer noopener\">ventas@transportescarson.com<\/a><\/li>\n\n\n\n<li><strong>Tel\u00e9fono:<\/strong>\u00a0444 390 2381<\/li>\n<\/ul>\n","protected":false},"excerpt":{"rendered":"<p>AVISO DE PRIVACIDAD \u00daltima actualizaci\u00f3n:\u00a0[10 de agosto de 2025] TRANSPORTES CARSON S.A. de C.V.&nbsp;(en adelante referido como \u201cTransportes Carson\u201d), con domicilio en San Luis Potos\u00ed, S.L.P., M\u00e9xico, es responsable del tratamiento de sus datos personales. El presente Aviso de Privacidad se pone a su disposici\u00f3n en cumplimiento de lo dispuesto por la&nbsp;Ley Federal de Protecci\u00f3n [&hellip;]<\/p>\n","protected":false},"author":1,"featured_media":0,"parent":0,"menu_order":0,"comment_status":"closed","ping_status":"closed","template":"","meta":{"pmpro_default_level":0,"_monsterinsights_skip_tracking":false,"_monsterinsights_sitenote_active":false,"_monsterinsights_sitenote_note":"","_monsterinsights_sitenote_category":0,"footnotes":""},"class_list":["post-19432","page","type-page","status-publish","hentry","pmpro-has-access"],"acf":[],"_links":{"self":[{"href":"https:\/\/transportescarson.com\/wp-json\/wp\/v2\/pages\/19432","targetHints":{"allow":["GET"]}}],"collection":[{"href":"https:\/\/transportescarson.com\/wp-json\/wp\/v2\/pages"}],"about":[{"href":"https:\/\/transportescarson.com\/wp-json\/wp\/v2\/types\/page"}],"author":[{"embeddable":true,"href":"https:\/\/transportescarson.com\/wp-json\/wp\/v2\/users\/1"}],"replies":[{"embeddable":true,"href":"https:\/\/transportescarson.com\/wp-json\/wp\/v2\/comments?post=19432"}],"version-history":[{"count":1,"href":"https:\/\/transportescarson.com\/wp-json\/wp\/v2\/pages\/19432\/revisions"}],"predecessor-version":[{"id":19433,"href":"https:\/\/transportescarson.com\/wp-json\/wp\/v2\/pages\/19432\/revisions\/19433"}],"wp:attachment":[{"href":"https:\/\/transportescarson.com\/wp-json\/wp\/v2\/media?parent=19432"}],"curies":[{"name":"wp","href":"https:\/\/api.w.org\/{rel}","templated":true}]}}